{"id":2202,"date":"2022-07-19T14:08:57","date_gmt":"2022-07-19T14:08:57","guid":{"rendered":"https:\/\/donaciones.zoodelpirineu.com\/moltes-gracies-per-la-teva-collaboracio-desinteressada\/"},"modified":"2022-07-24T16:16:43","modified_gmt":"2022-07-24T16:16:43","slug":"moltes-gracies-per-la-teva-collaboracio-desinteressada","status":"publish","type":"page","link":"https:\/\/donaciones.zoodelpirineu.com\/ca\/moltes-gracies-per-la-teva-collaboracio-desinteressada\/","title":{"rendered":"Moltes gr\u00e0cies per la teva col\u00b7laboraci\u00f3 desinteressada"},"content":{"rendered":"\n<div class=\"wp-block-media-text alignwide is-stacked-on-mobile has-base-background-color has-background\"><figure class=\"wp-block-media-text__media\"><img loading=\"lazy\" decoding=\"async\" width=\"800\" height=\"600\" src=\"https:\/\/donaciones.zoodelpirineu.com\/wp-content\/uploads\/2022\/06\/Zorro-cria.jpg\" alt=\"\" class=\"wp-image-1805 size-full\" srcset=\"https:\/\/donaciones.zoodelpirineu.com\/wp-content\/uploads\/2022\/06\/Zorro-cria.jpg 800w, https:\/\/donaciones.zoodelpirineu.com\/wp-content\/uploads\/2022\/06\/Zorro-cria-300x225.jpg 300w, https:\/\/donaciones.zoodelpirineu.com\/wp-content\/uploads\/2022\/06\/Zorro-cria-768x576.jpg 768w\" sizes=\"auto, (max-width: 800px) 100vw, 800px\" \/><\/figure><div class=\"wp-block-media-text__content\">\n<div style=\"height:20px\" aria-hidden=\"true\" class=\"wp-block-spacer\"><\/div>\n\n\n\n<p>El teu suport significa molt per a nosaltres i per als animals que, sense la teva ajuda, estarien abandonats a la seva sort.<\/p>\n\n\n\n<p>Has fet soci o s\u00f2cia una persona propera a tu. Has fet un gest gener\u00f3s i ho apreciem de tot cor.<\/p>\n\n\n\n<div style=\"height:20px\" aria-hidden=\"true\" class=\"wp-block-spacer\"><\/div>\n<\/div><\/div>\n\n<div style=\"height:50px\" aria-hidden=\"true\" class=\"wp-block-spacer\"><\/div>\n\n<h2 class=\"has-medium-font-size wp-block-heading\">Qu\u00e8 passar\u00e0 ara?<\/h2>\n\n<p>En breu rebr\u00e0s per correu electr\u00f2nic el <strong>Carnet de soci\/s\u00f2cia<\/strong> a nom de la persona que has esmentat. <\/p>\n\n<p>Si us plau, lliura-li aquest carnet.<\/p>\n\n<p>Aquest carnet inclour\u00e0 una <strong>invitaci\u00f3 per a la s\u00f2cia o el soci per subscriure&#8217;s al <a href=\"https:\/\/donaciones.zoodelpirineu.com\/ca\/animes-salvatges-comunitat-de-persones-que-lluita-pels-animals\/\" target=\"_blank\" rel=\"noreferrer noopener\">Butllet\u00ed exclusiu de les \u00c0nimes Salvatges<\/a><\/strong>. Conseq\u00fcentment la persona a qui fas el regal podr\u00e0 gaudir de tots els beneficis que comporta ser s\u00f2cia o soci de la Fundaci\u00f3 Zoo del Pirineu. <\/p>\n\n<p>Aix\u00ed mateix:<\/p>\n\n<p>Cada 3 mesos compartirem amb tu (igual que amb la persona que has convertit en soci o s\u00f2cia) <strong>informes amb fotos i v\u00eddeos<\/strong> sobre:<\/p>\n\n<ul class=\"wp-block-list\"><li>Els \u00e8xits d&#8217;alliberament d&#8217;animals.<\/li><li>Quins animals s&#8217;hauran de quedar a viure al Zoo del Pirineu de per vida i per qu\u00e8.<\/li><li>Coses que ens preocupen.<\/li><li>Els nostres objectius per als propers 3 mesos i una valoraci\u00f3 del compliment dels anteriors.<\/li><\/ul>\n\n<p>A m\u00e9s a m\u00e9s:<\/p>\n\n<p>Al gener de l&#8217;any seg\u00fcent rebr\u00e0s un <strong>Certificat Oficial de Donaci\u00f3<\/strong> que pots fer servir per desgravar-te una part important de la teva declaraci\u00f3 de la renda.<\/p>\n\n<p>Abans que passi 1 any de la teva col\u00b7laboraci\u00f3 ens posarem en contacte amb tu per preguntar <strong>si vols perllongar el teu suport<\/strong> de la mateixa manera.<\/p>\n\n<p>Atentament,<\/p>\n\n<p><a href=\"https:\/\/donaciones.zoodelpirineu.com\/ca\/stania-kuspertova\/\" target=\"_blank\" rel=\"noreferrer noopener\" title=\"Stania Kuspertova\">Stania Kuspertova<\/a><br\/>Directora de la Fundaci\u00f3 Zoo del Pirineu<\/p>\n","protected":false},"excerpt":{"rendered":"<p>Qu\u00e8 passar\u00e0 ara? En breu rebr\u00e0s per correu electr\u00f2nic el Carnet de soci\/s\u00f2cia a nom de la persona que has esmentat. Si us plau, lliura-li aquest carnet. Aquest carnet inclour\u00e0 una invitaci\u00f3 per a la s\u00f2cia o el soci per subscriure&#8217;s al Butllet\u00ed exclusiu de les \u00c0nimes Salvatges. Conseq\u00fcentment la persona a qui fas el &#8230; <a title=\"Moltes gr\u00e0cies per la teva col\u00b7laboraci\u00f3 desinteressada\" class=\"read-more\" href=\"https:\/\/donaciones.zoodelpirineu.com\/ca\/moltes-gracies-per-la-teva-collaboracio-desinteressada\/\" aria-label=\"M\u00e9s informaci\u00f3 sobre Moltes gr\u00e0cies per la teva col\u00b7laboraci\u00f3 desinteressada\">Leer m\u00e1s<\/a><\/p>\n","protected":false},"author":1,"featured_media":0,"parent":0,"menu_order":0,"comment_status":"closed","ping_status":"closed","template":"","meta":{"om_disable_all_campaigns":false,"_monsterinsights_skip_tracking":false,"_monsterinsights_sitenote_active":false,"_monsterinsights_sitenote_note":"","_monsterinsights_sitenote_category":0,"footnotes":""},"class_list":["post-2202","page","type-page","status-publish"],"aioseo_notices":[],"_links":{"self":[{"href":"https:\/\/donaciones.zoodelpirineu.com\/ca\/wp-json\/wp\/v2\/pages\/2202","targetHints":{"allow":["GET"]}}],"collection":[{"href":"https:\/\/donaciones.zoodelpirineu.com\/ca\/wp-json\/wp\/v2\/pages"}],"about":[{"href":"https:\/\/donaciones.zoodelpirineu.com\/ca\/wp-json\/wp\/v2\/types\/page"}],"author":[{"embeddable":true,"href":"https:\/\/donaciones.zoodelpirineu.com\/ca\/wp-json\/wp\/v2\/users\/1"}],"replies":[{"embeddable":true,"href":"https:\/\/donaciones.zoodelpirineu.com\/ca\/wp-json\/wp\/v2\/comments?post=2202"}],"version-history":[{"count":4,"href":"https:\/\/donaciones.zoodelpirineu.com\/ca\/wp-json\/wp\/v2\/pages\/2202\/revisions"}],"predecessor-version":[{"id":2343,"href":"https:\/\/donaciones.zoodelpirineu.com\/ca\/wp-json\/wp\/v2\/pages\/2202\/revisions\/2343"}],"wp:attachment":[{"href":"https:\/\/donaciones.zoodelpirineu.com\/ca\/wp-json\/wp\/v2\/media?parent=2202"}],"curies":[{"name":"wp","href":"https:\/\/api.w.org\/{rel}","templated":true}]}}