{"id":2121,"date":"2022-07-15T15:48:32","date_gmt":"2022-07-15T15:48:32","guid":{"rendered":"https:\/\/donaciones.zoodelpirineu.com\/una-donacio-urgent-per-salvar-vides-dels-animals\/"},"modified":"2022-07-24T14:39:28","modified_gmt":"2022-07-24T14:39:28","slug":"una-donacio-urgent-per-salvar-vides-dels-animals","status":"publish","type":"page","link":"https:\/\/donaciones.zoodelpirineu.com\/ca\/una-donacio-urgent-per-salvar-vides-dels-animals\/","title":{"rendered":"Una donaci\u00f3 urgent per salvar vides dels animals"},"content":{"rendered":"<div class=\"wpforms-container wpforms-container-full wpforms-stripe\" id=\"wpforms-1482\"><form id=\"wpforms-form-1482\" class=\"wpforms-validate wpforms-form wpforms-ajax-form\" data-formid=\"1482\" method=\"post\" enctype=\"multipart\/form-data\" action=\"\/ca\/wp-json\/wp\/v2\/pages\/2121\" data-token=\"a4abc04b1cf25e62910d6e901d446380\" data-token-time=\"1777587102\"><noscript class=\"wpforms-error-noscript\">Activeu el JavaScript al navegador per a poder completar el formulari.<\/noscript><div class=\"wpforms-field-container\"><div id=\"wpforms-1482-field_2-container\" class=\"wpforms-field wpforms-field-payment-single\" data-field-id=\"2\"><label class=\"wpforms-field-label\" for=\"wpforms-1482-field_2\">Amb quina quantitat vols participar?<\/label><input type=\"text\" id=\"wpforms-1482-field_2\" class=\"wpforms-field-small wpforms-payment-user-input wpforms-payment-price\" data-rule-currency=\"[&quot;$&quot;,false]\" name=\"wpforms[fields][2]\"><\/div><div id=\"wpforms-1482-field_41-container\" class=\"wpforms-field wpforms-field-text\" data-field-id=\"41\"><label class=\"wpforms-field-label\" for=\"wpforms-1482-field_41\">La donaci\u00f3 \u00e9s per algun animal o algun projecte en particular?<\/label><input type=\"text\" id=\"wpforms-1482-field_41\" class=\"wpforms-field-medium\" name=\"wpforms[fields][41]\" ><\/div><div id=\"wpforms-1482-field_23-container\" class=\"wpforms-field wpforms-field-divider\" data-field-id=\"23\"><h3 id=\"wpforms-1482-field_23\">Les teves dades<\/h3><div class=\"wpforms-field-description\">La <a href=\" https:\/\/www.boe.es\/diario_boe\/txt.php?id=BOE-A-2014-4742\">llei<\/a> ens obliga a recopilar i guardar les dades seg\u00fcents:<\/div><\/div><div id=\"wpforms-1482-field_0-container\" class=\"wpforms-field wpforms-field-name\" data-field-id=\"0\"><label class=\"wpforms-field-label\">El teu nom <span class=\"wpforms-required-label\">*<\/span><\/label><div class=\"wpforms-field-row wpforms-field-medium\"><div class=\"wpforms-field-row-block wpforms-first wpforms-one-half\"><input type=\"text\" id=\"wpforms-1482-field_0\" class=\"wpforms-field-name-first wpforms-field-required\" name=\"wpforms[fields][0][first]\" required><label for=\"wpforms-1482-field_0\" class=\"wpforms-field-sublabel after\">Nom<\/label><\/div><div class=\"wpforms-field-row-block wpforms-one-half\"><input type=\"text\" id=\"wpforms-1482-field_0-last\" class=\"wpforms-field-name-last wpforms-field-required\" name=\"wpforms[fields][0][last]\" required><label for=\"wpforms-1482-field_0-last\" class=\"wpforms-field-sublabel after\">Cognoms<\/label><\/div><\/div><\/div><div id=\"wpforms-1482-field_1-container\" class=\"wpforms-field wpforms-field-email\" data-field-id=\"1\"><label class=\"wpforms-field-label\" for=\"wpforms-1482-field_1\">Correu electr\u00f2nic <span class=\"wpforms-required-label\">*<\/span><\/label><input type=\"email\" id=\"wpforms-1482-field_1\" class=\"wpforms-field-medium wpforms-field-required\" name=\"wpforms[fields][1]\" spellcheck=\"false\" required><\/div><div id=\"wpforms-1482-field_4-container\" class=\"wpforms-field wpforms-field-radio wpforms-list-inline wpforms-conditional-trigger\" data-field-id=\"4\"><label class=\"wpforms-field-label\">Vius a Espanya? <span class=\"wpforms-required-label\">*<\/span><\/label><ul id=\"wpforms-1482-field_4\" class=\"wpforms-field-required\"><li class=\"choice-1 depth-1\"><input type=\"radio\" id=\"wpforms-1482-field_4_1\" name=\"wpforms[fields][4]\" value=\"S\u00ed\" required ><label class=\"wpforms-field-label-inline\" for=\"wpforms-1482-field_4_1\">S\u00ed<\/label><\/li><li class=\"choice-2 depth-1\"><input type=\"radio\" id=\"wpforms-1482-field_4_2\" name=\"wpforms[fields][4]\" value=\"No\" required ><label class=\"wpforms-field-label-inline\" for=\"wpforms-1482-field_4_2\">No<\/label><\/li><\/ul><\/div><div id=\"wpforms-1482-field_29-container\" class=\"wpforms-field wpforms-field-text wpforms-conditional-field wpforms-conditional-show\" data-field-id=\"29\" style=\"display:none;\"><label class=\"wpforms-field-label\" for=\"wpforms-1482-field_29\">El teu codi postal <span class=\"wpforms-required-label\">*<\/span><\/label><input type=\"text\" id=\"wpforms-1482-field_29\" class=\"wpforms-field-small wpforms-field-required\" name=\"wpforms[fields][29]\" required><\/div><div id=\"wpforms-1482-field_34-container\" class=\"wpforms-field wpforms-field-text wpforms-conditional-field wpforms-conditional-show\" data-field-id=\"34\" style=\"display:none;\"><label class=\"wpforms-field-label\" for=\"wpforms-1482-field_34\">DNI \/ NIE \/ Passaport <span class=\"wpforms-required-label\">*<\/span><\/label><input type=\"text\" id=\"wpforms-1482-field_34\" class=\"wpforms-field-small wpforms-field-required\" name=\"wpforms[fields][34]\" required><\/div><div id=\"wpforms-1482-field_36-container\" class=\"wpforms-field wpforms-field-text wpforms-conditional-field wpforms-conditional-show\" data-field-id=\"36\" style=\"display:none;\"><label class=\"wpforms-field-label\" for=\"wpforms-1482-field_36\">De quin pa\u00eds ets? <span class=\"wpforms-required-label\">*<\/span><\/label><input type=\"text\" id=\"wpforms-1482-field_36\" class=\"wpforms-field-small wpforms-field-required\" name=\"wpforms[fields][36]\" required><\/div><div id=\"wpforms-1482-field_37-container\" class=\"wpforms-field wpforms-field-text wpforms-conditional-field wpforms-conditional-show\" data-field-id=\"37\" style=\"display:none;\"><label class=\"wpforms-field-label\" for=\"wpforms-1482-field_37\">Tipus i n\u00famero del document d&#039;identitat. <span class=\"wpforms-required-label\">*<\/span><\/label><input type=\"text\" id=\"wpforms-1482-field_37\" class=\"wpforms-field-small wpforms-field-required\" name=\"wpforms[fields][37]\" required><\/div><div id=\"wpforms-1482-field_39-container\" class=\"wpforms-field wpforms-field-radio\" data-field-id=\"39\"><label class=\"wpforms-field-label\">Vols rebre el certificat de la teva donaci\u00f3? <span class=\"wpforms-required-label\">*<\/span><\/label><ul id=\"wpforms-1482-field_39\" class=\"wpforms-field-required\"><li class=\"choice-1 depth-1\"><input type=\"radio\" id=\"wpforms-1482-field_39_1\" name=\"wpforms[fields][39]\" value=\"S\u00ed\" required ><label class=\"wpforms-field-label-inline\" for=\"wpforms-1482-field_39_1\">S\u00ed<\/label><\/li><li class=\"choice-2 depth-1\"><input type=\"radio\" id=\"wpforms-1482-field_39_2\" name=\"wpforms[fields][39]\" value=\"No\" required ><label class=\"wpforms-field-label-inline\" for=\"wpforms-1482-field_39_2\">No<\/label><\/li><\/ul><div class=\"wpforms-field-description\">A Espanya et pots desgravar fins al 80% de la teva donaci\u00f3 a la Declaraci\u00f3 de la Renda. El certificat que rebr\u00e0s et servir\u00e0 per a aquest proc\u00e9s davant d'Hisenda.<\/div><\/div><div id=\"wpforms-1482-field_25-container\" class=\"wpforms-field wpforms-field-divider\" data-field-id=\"25\"><h3 id=\"wpforms-1482-field_25\"> <\/h3><\/div><div id=\"wpforms-1482-field_18-container\" class=\"wpforms-field wpforms-field-payment-total wpforms-field-medium\" data-field-id=\"18\"><label class=\"wpforms-field-label\">Import de la teva donaci\u00f3<\/label><div class=\"wpforms-payment-total\" style=\"\">0,00 &euro;<\/div><input type=\"hidden\" id=\"wpforms-1482-field_18\" class=\"wpforms-field-medium wpforms-payment-total\" name=\"wpforms[fields][18]\" value=\"0\"><\/div><div id=\"wpforms-1482-field_40-container\" class=\"wpforms-field wpforms-field-checkbox\" data-field-id=\"40\"><label class=\"wpforms-field-label\">Pol\u00edtica de Privacitat <span class=\"wpforms-required-label\">*<\/span><\/label><ul id=\"wpforms-1482-field_40\" class=\"wpforms-field-required\"><li class=\"choice-1 depth-1\"><input type=\"checkbox\" id=\"wpforms-1482-field_40_1\" name=\"wpforms[fields][40][]\" value=\"Accepto la pol\u00edtica de privadesa i pol\u00edtica de donacions de la Fundaci\u00f3 Zoo del Pirineu.\" required ><label class=\"wpforms-field-label-inline\" for=\"wpforms-1482-field_40_1\">Accepto la pol\u00edtica de privadesa i pol\u00edtica de donacions de la Fundaci\u00f3 Zoo del Pirineu.<\/label><\/li><\/ul><div class=\"wpforms-field-description\"><a href=\"https:\/\/zoodelpirineu.com\/politica-privacitat\/\" target=\"_blank\">Pol\u00edtica de privacitat<\/a> \/ <a href=\"https:\/\/zoodelpirineu.com\/es\/politica-privacidad\/\" target=\"_blank\">Pol\u00edtica de donacions<\/a><\/div><\/div><div id=\"wpforms-1482-field_38-container\" class=\"wpforms-field wpforms-field-divider\" data-field-id=\"38\"><h3 id=\"wpforms-1482-field_38\">Procedeix amb el pagament.<\/h3><div class=\"wpforms-field-description\">Aquest \u00e9s un pagament encriptat i segur. Utilitzem el sistema m\u00e9s modern de 3D security.<\/div><\/div><div id=\"wpforms-1482-field_24-container\" class=\"wpforms-field wpforms-field-stripe-credit-card\" data-field-id=\"24\"><label class=\"wpforms-field-label\">Informaci\u00f3 de la targeta de cr\u00e8dit <span class=\"wpforms-required-label\">*<\/span><\/label><div class=\"wpforms-field-row wpforms-field-large\"><div class=\"wpforms-field-stripe-credit-card-number\"><div id=\"wpforms-1482-field_24\" class=\"wpforms-field-stripe-credit-card-cardnumber wpforms-field-required\" data-required=\"required\"><!-- a Stripe Element will be inserted here. --><\/div><input type=\"text\" class=\"wpforms-stripe-credit-card-hidden-input\" name=\"wpforms[stripe-credit-card-hidden-input-1482]\" disabled style=\"display: none;\"><label  class=\"wpforms-field-sublabel after\">Targeta<\/label><\/div><\/div><div class=\"wpforms-field-row wpforms-field-large\"><div class=\"wpforms-field-stripe-credit-card-name\"><input type=\"text\" id=\"wpforms-1482-field_24-cardname\" class=\"wpforms-field-stripe-credit-card-cardname wpforms-field-required\" name=\"wpforms[stripe-credit-card-cardname]\" required><label for=\"wpforms-1482-field_24-cardname\" class=\"wpforms-field-sublabel after\">Nom a la targeta<\/label><\/div><\/div><\/div><\/div><!-- .wpforms-field-container --><div class=\"wpforms-recaptcha-container wpforms-is-recaptcha wpforms-is-recaptcha-type-invisible\" ><div class=\"g-recaptcha\" data-sitekey=\"6LfEW-EdAAAAAFblHXzh7GmUrSKL5m6jjWGdbroi\" data-size=\"invisible\"><\/div><\/div><div class=\"wpforms-submit-container\" ><input type=\"hidden\" name=\"wpforms[id]\" value=\"1482\"><input type=\"hidden\" name=\"page_title\" value=\"\"><input type=\"hidden\" name=\"page_url\" value=\"https:\/\/donaciones.zoodelpirineu.com\/ca\/wp-json\/wp\/v2\/pages\/2121\"><input type=\"hidden\" name=\"url_referer\" value=\"\"><button type=\"submit\" name=\"wpforms[submit]\" id=\"wpforms-submit-1482\" class=\"wpforms-submit\" data-alt-text=\"Enviando...\" data-submit-text=\"Fes la donaci\u00f3\" aria-live=\"assertive\" value=\"wpforms-submit\">Fes la donaci\u00f3<\/button><img loading=\"lazy\" decoding=\"async\" src=\"https:\/\/donaciones.zoodelpirineu.com\/wp-content\/plugins\/wpforms\/assets\/images\/submit-spin.svg\" class=\"wpforms-submit-spinner\" style=\"display: none;\" width=\"26\" height=\"26\" alt=\"S&#039;est\u00e0 carregant\"><\/div><\/form><\/div>  <!-- .wpforms-container -->\n\n\n\n<div class=\"wp-block-columns is-layout-flex wp-container-core-columns-is-layout-9d6595d7 wp-block-columns-is-layout-flex\">\n<div class=\"wp-block-column is-layout-flow wp-block-column-is-layout-flow\" style=\"flex-basis:100%\"><\/div>\n<\/div>\n","protected":false},"excerpt":{"rendered":"","protected":false},"author":1,"featured_media":0,"parent":0,"menu_order":0,"comment_status":"closed","ping_status":"closed","template":"","meta":{"om_disable_all_campaigns":false,"_monsterinsights_skip_tracking":false,"_monsterinsights_sitenote_active":false,"_monsterinsights_sitenote_note":"","_monsterinsights_sitenote_category":0,"footnotes":""},"class_list":["post-2121","page","type-page","status-publish"],"aioseo_notices":[],"_links":{"self":[{"href":"https:\/\/donaciones.zoodelpirineu.com\/ca\/wp-json\/wp\/v2\/pages\/2121","targetHints":{"allow":["GET"]}}],"collection":[{"href":"https:\/\/donaciones.zoodelpirineu.com\/ca\/wp-json\/wp\/v2\/pages"}],"about":[{"href":"https:\/\/donaciones.zoodelpirineu.com\/ca\/wp-json\/wp\/v2\/types\/page"}],"author":[{"embeddable":true,"href":"https:\/\/donaciones.zoodelpirineu.com\/ca\/wp-json\/wp\/v2\/users\/1"}],"replies":[{"embeddable":true,"href":"https:\/\/donaciones.zoodelpirineu.com\/ca\/wp-json\/wp\/v2\/comments?post=2121"}],"version-history":[{"count":2,"href":"https:\/\/donaciones.zoodelpirineu.com\/ca\/wp-json\/wp\/v2\/pages\/2121\/revisions"}],"predecessor-version":[{"id":2306,"href":"https:\/\/donaciones.zoodelpirineu.com\/ca\/wp-json\/wp\/v2\/pages\/2121\/revisions\/2306"}],"wp:attachment":[{"href":"https:\/\/donaciones.zoodelpirineu.com\/ca\/wp-json\/wp\/v2\/media?parent=2121"}],"curies":[{"name":"wp","href":"https:\/\/api.w.org\/{rel}","templated":true}]}}