{"id":1332,"date":"2022-05-30T11:45:06","date_gmt":"2022-05-30T11:45:06","guid":{"rendered":"https:\/\/donaciones.zoodelpirineu.com\/confirmacio-de-donacio\/"},"modified":"2024-10-03T16:24:57","modified_gmt":"2024-10-03T16:24:57","slug":"confirmacio-de-donacio","status":"publish","type":"page","link":"https:\/\/donaciones.zoodelpirineu.com\/ca\/confirmacio-de-donacio\/","title":{"rendered":"Confirmaci\u00f3 de donaci\u00f3"},"content":{"rendered":"\n<p><\/p>\n\n<div class=\"wp-block-columns are-vertically-aligned-center has-background is-layout-flex wp-container-core-columns-is-layout-9d6595d7 wp-block-columns-is-layout-flex\" style=\"background-color:#f0f9fb\">\n<div class=\"wp-block-column is-vertically-aligned-center is-layout-flow wp-block-column-is-layout-flow\" style=\"flex-basis:33.33%\">\n<figure class=\"wp-block-image size-full\"><img loading=\"lazy\" decoding=\"async\" width=\"800\" height=\"600\" src=\"https:\/\/donaciones.zoodelpirineu.com\/wp-content\/uploads\/2022\/06\/Stania-Kuspertova.jpg\" alt=\"\" class=\"wp-image-1467\" srcset=\"https:\/\/donaciones.zoodelpirineu.com\/wp-content\/uploads\/2022\/06\/Stania-Kuspertova.jpg 800w, https:\/\/donaciones.zoodelpirineu.com\/wp-content\/uploads\/2022\/06\/Stania-Kuspertova-300x225.jpg 300w, https:\/\/donaciones.zoodelpirineu.com\/wp-content\/uploads\/2022\/06\/Stania-Kuspertova-768x576.jpg 768w\" sizes=\"auto, (max-width: 800px) 100vw, 800px\" \/><\/figure>\n<\/div>\n\n\n\n<div class=\"wp-block-column is-vertically-aligned-center is-layout-flow wp-block-column-is-layout-flow\" style=\"flex-basis:66.66%\">\n<p>Moltes gr\u00e0cies per la teva donaci\u00f3.<\/p>\n\n\n\n<p>La teva contribuci\u00f3 significa molt per als animals i per a nosaltres. Els teus diners es destinaran al fons de rescat d&#8217;animals salvatges.<\/p>\n\n\n\n<p>L&#8217;any 2023 van arribar 372 animals que van acudir al nostre centre de rescat a la recerca d&#8217;ajuda.<\/p>\n\n\n\n<p>Ara tu tamb\u00e9 contribuir\u00e0s a atendre m\u00e9s animals.<\/p>\n\n\n\n<p>De nou, moltes gr\u00e0cies!<\/p>\n\n\n\n<p>Cordialment: Stania Kuspertova<br\/>Fundadora del Zoo del Pirineu<\/p>\n\n\n\n<p><em>PD:<br\/>Si has confirmat que vols rebre el Certificat de Donaci\u00f3 te l&#8217;enviarem per correu electr\u00f2nic.<\/em><\/p>\n<\/div>\n<\/div>\n","protected":false},"excerpt":{"rendered":"<p>Moltes gr\u00e0cies per la teva donaci\u00f3. La teva contribuci\u00f3 significa molt per als animals i per a nosaltres. Els teus diners es destinaran al fons de rescat d&#8217;animals salvatges. L&#8217;any 2023 van arribar 372 animals que van acudir al nostre centre de rescat a la recerca d&#8217;ajuda. Ara tu tamb\u00e9 contribuir\u00e0s a atendre m\u00e9s animals. &#8230; <a title=\"Confirmaci\u00f3 de donaci\u00f3\" class=\"read-more\" href=\"https:\/\/donaciones.zoodelpirineu.com\/ca\/confirmacio-de-donacio\/\" aria-label=\"M\u00e9s informaci\u00f3 sobre Confirmaci\u00f3 de donaci\u00f3\">Leer m\u00e1s<\/a><\/p>\n","protected":false},"author":1,"featured_media":775,"parent":0,"menu_order":0,"comment_status":"closed","ping_status":"closed","template":"","meta":{"om_disable_all_campaigns":false,"_monsterinsights_skip_tracking":false,"_monsterinsights_sitenote_active":false,"_monsterinsights_sitenote_note":"","_monsterinsights_sitenote_category":0,"footnotes":""},"class_list":["post-1332","page","type-page","status-publish","has-post-thumbnail"],"aioseo_notices":[],"_links":{"self":[{"href":"https:\/\/donaciones.zoodelpirineu.com\/ca\/wp-json\/wp\/v2\/pages\/1332","targetHints":{"allow":["GET"]}}],"collection":[{"href":"https:\/\/donaciones.zoodelpirineu.com\/ca\/wp-json\/wp\/v2\/pages"}],"about":[{"href":"https:\/\/donaciones.zoodelpirineu.com\/ca\/wp-json\/wp\/v2\/types\/page"}],"author":[{"embeddable":true,"href":"https:\/\/donaciones.zoodelpirineu.com\/ca\/wp-json\/wp\/v2\/users\/1"}],"replies":[{"embeddable":true,"href":"https:\/\/donaciones.zoodelpirineu.com\/ca\/wp-json\/wp\/v2\/comments?post=1332"}],"version-history":[{"count":9,"href":"https:\/\/donaciones.zoodelpirineu.com\/ca\/wp-json\/wp\/v2\/pages\/1332\/revisions"}],"predecessor-version":[{"id":4703,"href":"https:\/\/donaciones.zoodelpirineu.com\/ca\/wp-json\/wp\/v2\/pages\/1332\/revisions\/4703"}],"wp:featuredmedia":[{"embeddable":true,"href":"https:\/\/donaciones.zoodelpirineu.com\/ca\/wp-json\/wp\/v2\/media\/775"}],"wp:attachment":[{"href":"https:\/\/donaciones.zoodelpirineu.com\/ca\/wp-json\/wp\/v2\/media?parent=1332"}],"curies":[{"name":"wp","href":"https:\/\/api.w.org\/{rel}","templated":true}]}}